{"id":271,"date":"2024-05-14T18:17:24","date_gmt":"2024-05-14T18:17:24","guid":{"rendered":"https:\/\/www.se.senac.br\/pss\/?page_id=271"},"modified":"2024-05-14T18:28:33","modified_gmt":"2024-05-14T18:28:33","slug":"pss-02-2024","status":"publish","type":"page","link":"https:\/\/www.se.senac.br\/pss\/pss-02-2024\/","title":{"rendered":"PSS 02\/2024"},"content":{"rendered":"<p style=\"text-align: center;\"><strong>A inscri\u00e7\u00e3o ser\u00e1 feita em uma plataforma externa (e-inscri\u00e7\u00e3o). Ao clicar no bot\u00e3o abaixo,\u00a0<\/strong><br \/>\n<strong>n\u00e3o \u00e9 obrigat\u00f3ria a cria\u00e7\u00e3o de uma conta, basta efetuar o cadastro e aguardar o e-mail de confirma\u00e7\u00e3o.<br \/>\nLembre-se, n\u00e3o h\u00e1 taxas ou valores a serem pagos.<\/strong><\/p>\n<p style=\"text-align: center;\"><span class=\"enlighter-g1\"><div class='w3eden'>\n    <div class=''>\n\n        <form method=\"get\" class=\"__wpdm_submit_async\" data-container=\"#content_wpdm_package_1\" id=\"sc_form_wpdm_package_1\" style=\"margin-bottom: 15px\">\n    \n            <div class=\"card panel panel-default wpdm-shortcode-toolbar\">\n                <div class=\"card-body panel-body\">\n                    <div class=\"row\">\n                        <div class=\"col-lg-6 col-md-12\">\n                            <input type=\"search\" name=\"skw\" value=\"\" placeholder=\"Search Keyword...\" class=\"form-control\" \/>\n                        <\/div>\n                        <div class=\"col-lg-2 col-md-4\">\n                            <select name=\"orderby\" class=\"wpdm-custom-select custom-select\">\n                                <option value=\"date\" disabled=\"disabled\">Order By:<\/option>\n                                <option value=\"date\" > Data de Publica\u00e7\u00e3o<\/option>\n                                <option value=\"title\" >T\u00edtulo<\/option>\n                                <option value=\"update_date\" > Data de atualiza\u00e7\u00e3o<\/option>\n                                <option value=\"downloads\" >Downloads<\/option>\n                                <option value=\"views\" >Views<\/option>\n                            <\/select>\n                        <\/div>\n                        <div class=\"col-lg-2 col-md-4\">\n                            <select name=\"order\" class=\"wpdm-custom-select custom-select\">\n                                <option value=\"desc\" disabled=\"disabled\">Order:<\/option>\n                                <option value=\"desc\" >Descending<\/option>\n                                <option value=\"asc\" >Ascending<\/option>\n                            <\/select>\n                        <\/div>\n                        <div class=\"col-lg-2 col-md-4\">\n                            <button type=\"submit\" class=\"btn btn-info btn-block\">Apply Filter<\/button>\n                        <\/div>\n                    <\/div>\n                <\/div>\n            <\/div>\n\n            <\/form>\n<div class=\"spacer mb-3 d-block clearfix\"><\/div>\n\n        <div id=\"content_wpdm_package_1\">\n            <div class='row'><div class='col-lg-12 col-md-6 col-12'><!-- WPDM Link Template: Default Template -->\n\n<div class=\"link-template-default card mb-2\">\n    <div class=\"card-body\">\n        <div class=\"media\">\n            <div class=\"mr-3 img-48\"><img decoding=\"async\" class=\"wpdm_icon\" alt=\"\u00edcone\" src=\"https:\/\/www.se.senac.br\/pss\/wp-content\/plugins\/download-manager\/assets\/file-type-icons\/pdf.svg\" \/><\/div>\n            <div class=\"media-body\">\n                <h3 class=\"package-title\"><a href='https:\/\/www.se.senac.br\/pss\/download\/2a-convocacao-pss-002-2024\/'>2\u00aa Convoca\u00e7\u00e3o - pss 002.2024<\/a><\/h3>\n                <div class=\"text-muted text-small\"><i class=\"fas fa-copy\"><\/i> 1  arquivo(s) <i class=\"fas fa-hdd ml-3\"><\/i> 283.65 KB<\/div>\n            <\/div>\n            <div class=\"ml-3\">\n                <a class='wpdm-download-link download-on-click btn btn-primary ' rel='nofollow' href='#' data-downloadurl=\"https:\/\/www.se.senac.br\/pss\/download\/2a-convocacao-pss-002-2024\/?wpdmdl=689&refresh=69d22890b1c581775380624\">Download<\/a>\n            <\/div>\n        <\/div>\n    <\/div>\n<\/div>\n\n<\/div><div class='col-lg-12 col-md-6 col-12'><!-- WPDM Link Template: Default Template -->\n\n<div class=\"link-template-default card mb-2\">\n    <div class=\"card-body\">\n        <div class=\"media\">\n            <div class=\"mr-3 img-48\"><img decoding=\"async\" class=\"wpdm_icon\" alt=\"\u00edcone\" src=\"https:\/\/www.se.senac.br\/pss\/wp-content\/plugins\/download-manager\/assets\/file-type-icons\/pdf.svg\" \/><\/div>\n            <div class=\"media-body\">\n                <h3 class=\"package-title\"><a href='https:\/\/www.se.senac.br\/pss\/download\/1a-convocacao-pss-002-2024\/'>1\u00aa Convoca\u00e7\u00e3o - PSS 002.2024<\/a><\/h3>\n                <div class=\"text-muted text-small\"><i class=\"fas fa-copy\"><\/i> 1  arquivo(s) <i class=\"fas fa-hdd ml-3\"><\/i> 359.77 KB<\/div>\n            <\/div>\n            <div class=\"ml-3\">\n                <a class='wpdm-download-link download-on-click btn btn-primary ' rel='nofollow' href='#' data-downloadurl=\"https:\/\/www.se.senac.br\/pss\/download\/1a-convocacao-pss-002-2024\/?wpdmdl=354&refresh=69d22890dbede1775380624\">Download<\/a>\n            <\/div>\n        <\/div>\n    <\/div>\n<\/div>\n\n<\/div><div class='col-lg-12 col-md-6 col-12'><!-- WPDM Link Template: Default Template -->\n\n<div class=\"link-template-default card mb-2\">\n    <div class=\"card-body\">\n        <div class=\"media\">\n            <div class=\"mr-3 img-48\"><img decoding=\"async\" class=\"wpdm_icon\" alt=\"\u00edcone\" src=\"https:\/\/www.se.senac.br\/pss\/wp-content\/plugins\/download-manager\/assets\/file-type-icons\/pdf.svg\" \/><\/div>\n            <div class=\"media-body\">\n                <h3 class=\"package-title\"><a href='https:\/\/www.se.senac.br\/pss\/download\/homologacao-pss-002-2024\/'>Homologa\u00e7\u00e3o - PSS 002\/2024<\/a><\/h3>\n                <div class=\"text-muted text-small\"><i class=\"fas fa-copy\"><\/i> 1  arquivo(s) <i class=\"fas fa-hdd ml-3\"><\/i> 233.50 KB<\/div>\n            <\/div>\n            <div class=\"ml-3\">\n                <a class='wpdm-download-link download-on-click btn btn-primary ' rel='nofollow' href='#' data-downloadurl=\"https:\/\/www.se.senac.br\/pss\/download\/homologacao-pss-002-2024\/?wpdmdl=348&refresh=69d2289100b9a1775380625\">Download<\/a>\n            <\/div>\n        <\/div>\n    <\/div>\n<\/div>\n\n<\/div><div class='col-lg-12 col-md-6 col-12'><!-- WPDM Link Template: Default Template -->\n\n<div class=\"link-template-default card mb-2\">\n    <div class=\"card-body\">\n        <div class=\"media\">\n            <div class=\"mr-3 img-48\"><img decoding=\"async\" class=\"wpdm_icon\" alt=\"\u00edcone\" src=\"https:\/\/www.se.senac.br\/pss\/wp-content\/plugins\/download-manager\/assets\/file-type-icons\/pdf.svg\" \/><\/div>\n            <div class=\"media-body\">\n                <h3 class=\"package-title\"><a href='https:\/\/www.se.senac.br\/pss\/download\/resultado-final-pss-002-2024\/'>Resultado Final - PSS 002.2024<\/a><\/h3>\n                <div class=\"text-muted text-small\"><i class=\"fas fa-copy\"><\/i> 1  arquivo(s) <i class=\"fas fa-hdd ml-3\"><\/i> 114.88 KB<\/div>\n            <\/div>\n            <div class=\"ml-3\">\n                <a class='wpdm-download-link download-on-click btn btn-primary ' rel='nofollow' href='#' data-downloadurl=\"https:\/\/www.se.senac.br\/pss\/download\/resultado-final-pss-002-2024\/?wpdmdl=347&refresh=69d228911ebdc1775380625\">Download<\/a>\n            <\/div>\n        <\/div>\n    <\/div>\n<\/div>\n\n<\/div><div class='col-lg-12 col-md-6 col-12'><!-- WPDM Link Template: Default Template -->\n\n<div class=\"link-template-default card mb-2\">\n    <div class=\"card-body\">\n        <div class=\"media\">\n            <div class=\"mr-3 img-48\"><img decoding=\"async\" class=\"wpdm_icon\" alt=\"\u00edcone\" src=\"https:\/\/www.se.senac.br\/pss\/wp-content\/plugins\/download-manager\/assets\/file-type-icons\/pdf.svg\" \/><\/div>\n            <div class=\"media-body\">\n                <h3 class=\"package-title\"><a href='https:\/\/www.se.senac.br\/pss\/download\/resultado-final-da-entrevista-tecnica-pss-002-2024\/'>Resultado Final da entrevista t\u00e9cnica - PSS 002\/2024<\/a><\/h3>\n                <div class=\"text-muted text-small\"><i class=\"fas fa-copy\"><\/i> 1  arquivo(s) <i class=\"fas fa-hdd ml-3\"><\/i> 221.29 KB<\/div>\n            <\/div>\n            <div class=\"ml-3\">\n                <a class='wpdm-download-link download-on-click btn btn-primary ' rel='nofollow' href='#' data-downloadurl=\"https:\/\/www.se.senac.br\/pss\/download\/resultado-final-da-entrevista-tecnica-pss-002-2024\/?wpdmdl=341&refresh=69d22891379071775380625\">Download<\/a>\n            <\/div>\n        <\/div>\n    <\/div>\n<\/div>\n\n<\/div><div class='col-lg-12 col-md-6 col-12'><!-- WPDM Link Template: Default Template -->\n\n<div class=\"link-template-default card mb-2\">\n    <div class=\"card-body\">\n        <div class=\"media\">\n            <div class=\"mr-3 img-48\"><img decoding=\"async\" class=\"wpdm_icon\" alt=\"\u00edcone\" src=\"https:\/\/www.se.senac.br\/pss\/wp-content\/plugins\/download-manager\/assets\/file-type-icons\/pdf.svg\" \/><\/div>\n            <div class=\"media-body\">\n                <h3 class=\"package-title\"><a href='https:\/\/www.se.senac.br\/pss\/download\/resultado-preliminar-da-entrevista-tecnica-pss-002-2024\/'>Resultado Preliminar da entrevista t\u00e9cnica - PSS 002\/2024<\/a><\/h3>\n                <div class=\"text-muted text-small\"><i class=\"fas fa-copy\"><\/i> 1  arquivo(s) <i class=\"fas fa-hdd ml-3\"><\/i> 115.96 KB<\/div>\n            <\/div>\n            <div class=\"ml-3\">\n                <a class='wpdm-download-link download-on-click btn btn-primary ' rel='nofollow' href='#' data-downloadurl=\"https:\/\/www.se.senac.br\/pss\/download\/resultado-preliminar-da-entrevista-tecnica-pss-002-2024\/?wpdmdl=336&refresh=69d228915339a1775380625\">Download<\/a>\n            <\/div>\n        <\/div>\n    <\/div>\n<\/div>\n\n<\/div><div class='col-lg-12 col-md-6 col-12'><!-- WPDM Link Template: Default Template -->\n\n<div class=\"link-template-default card mb-2\">\n    <div class=\"card-body\">\n        <div class=\"media\">\n            <div class=\"mr-3 img-48\"><img decoding=\"async\" class=\"wpdm_icon\" alt=\"\u00edcone\" src=\"https:\/\/www.se.senac.br\/pss\/wp-content\/plugins\/download-manager\/assets\/file-type-icons\/pdf.svg\" \/><\/div>\n            <div class=\"media-body\">\n                <h3 class=\"package-title\"><a href='https:\/\/www.se.senac.br\/pss\/download\/convocacao-terceira-etapa-pss-002-2024\/'>Convoca\u00e7\u00e3o Terceira Etapa - PSS 002.2024<\/a><\/h3>\n                <div class=\"text-muted text-small\"><i class=\"fas fa-copy\"><\/i> 1  arquivo(s) <i class=\"fas fa-hdd ml-3\"><\/i> 185.77 KB<\/div>\n            <\/div>\n            <div class=\"ml-3\">\n                <a class='wpdm-download-link download-on-click btn btn-primary ' rel='nofollow' href='#' data-downloadurl=\"https:\/\/www.se.senac.br\/pss\/download\/convocacao-terceira-etapa-pss-002-2024\/?wpdmdl=335&refresh=69d228916c0b81775380625\">Download<\/a>\n            <\/div>\n        <\/div>\n    <\/div>\n<\/div>\n\n<\/div><div class='col-lg-12 col-md-6 col-12'><!-- WPDM Link Template: Default Template -->\n\n<div class=\"link-template-default card mb-2\">\n    <div class=\"card-body\">\n        <div class=\"media\">\n            <div class=\"mr-3 img-48\"><img decoding=\"async\" class=\"wpdm_icon\" alt=\"\u00edcone\" src=\"https:\/\/www.se.senac.br\/pss\/wp-content\/plugins\/download-manager\/assets\/file-type-icons\/pdf.svg\" \/><\/div>\n            <div class=\"media-body\">\n                <h3 class=\"package-title\"><a href='https:\/\/www.se.senac.br\/pss\/download\/resultado-final-da-prova-pratica-pss-002-2024\/'>Resultado Final da prova pr\u00e1tica PSS 002.2024<\/a><\/h3>\n                <div class=\"text-muted text-small\"><i class=\"fas fa-copy\"><\/i> 1  arquivo(s) <i class=\"fas fa-hdd ml-3\"><\/i> 116.29 KB<\/div>\n            <\/div>\n            <div class=\"ml-3\">\n                <a class='wpdm-download-link download-on-click btn btn-primary ' rel='nofollow' href='#' data-downloadurl=\"https:\/\/www.se.senac.br\/pss\/download\/resultado-final-da-prova-pratica-pss-002-2024\/?wpdmdl=332&refresh=69d22891861f41775380625\">Download<\/a>\n            <\/div>\n        <\/div>\n    <\/div>\n<\/div>\n\n<\/div><div class='col-lg-12 col-md-6 col-12'><!-- WPDM Link Template: Default Template -->\n\n<div class=\"link-template-default card mb-2\">\n    <div class=\"card-body\">\n        <div class=\"media\">\n            <div class=\"mr-3 img-48\"><img decoding=\"async\" class=\"wpdm_icon\" alt=\"\u00edcone\" src=\"https:\/\/www.se.senac.br\/pss\/wp-content\/plugins\/download-manager\/assets\/file-type-icons\/pdf.svg\" \/><\/div>\n            <div class=\"media-body\">\n                <h3 class=\"package-title\"><a href='https:\/\/www.se.senac.br\/pss\/download\/convocacao-para-a-segunda-etapa-pss-002-2024\/'>Convoca\u00e7\u00e3o para a segunda etapa - PSS 002.2024<\/a><\/h3>\n                <div class=\"text-muted text-small\"><i class=\"fas fa-copy\"><\/i> 1  arquivo(s) <i class=\"fas fa-hdd ml-3\"><\/i> 194.04 KB<\/div>\n            <\/div>\n            <div class=\"ml-3\">\n                <a class='wpdm-download-link download-on-click btn btn-primary ' rel='nofollow' href='#' data-downloadurl=\"https:\/\/www.se.senac.br\/pss\/download\/convocacao-para-a-segunda-etapa-pss-002-2024\/?wpdmdl=324&refresh=69d22891a08dd1775380625\">Download<\/a>\n            <\/div>\n        <\/div>\n    <\/div>\n<\/div>\n\n<\/div><div class='col-lg-12 col-md-6 col-12'><!-- WPDM Link Template: Default Template -->\n\n<div class=\"link-template-default card mb-2\">\n    <div class=\"card-body\">\n        <div class=\"media\">\n            <div class=\"mr-3 img-48\"><img decoding=\"async\" class=\"wpdm_icon\" alt=\"\u00edcone\" src=\"https:\/\/www.se.senac.br\/pss\/wp-content\/plugins\/download-manager\/assets\/file-type-icons\/pdf.svg\" \/><\/div>\n            <div class=\"media-body\">\n                <h3 class=\"package-title\"><a href='https:\/\/www.se.senac.br\/pss\/download\/resultado-final-da-analise-curricular-e-documental-pss-002-2024\/'>Resultado Final da An\u00e1lise Curricular e Documental PSS 002\/2024<\/a><\/h3>\n                <div class=\"text-muted text-small\"><i class=\"fas fa-copy\"><\/i> 1  arquivo(s) <i class=\"fas fa-hdd ml-3\"><\/i> 116.27 KB<\/div>\n            <\/div>\n            <div class=\"ml-3\">\n                <a class='wpdm-download-link download-on-click btn btn-primary ' rel='nofollow' href='#' data-downloadurl=\"https:\/\/www.se.senac.br\/pss\/download\/resultado-final-da-analise-curricular-e-documental-pss-002-2024\/?wpdmdl=318&refresh=69d22891b8fb71775380625\">Download<\/a>\n            <\/div>\n        <\/div>\n    <\/div>\n<\/div>\n\n<\/div><div class='col-lg-12 col-md-6 col-12'><!-- WPDM Link Template: Default Template -->\n\n<div class=\"link-template-default card mb-2\">\n    <div class=\"card-body\">\n        <div class=\"media\">\n            <div class=\"mr-3 img-48\"><img decoding=\"async\" class=\"wpdm_icon\" alt=\"\u00edcone\" src=\"https:\/\/www.se.senac.br\/pss\/wp-content\/plugins\/download-manager\/assets\/file-type-icons\/pdf.svg\" \/><\/div>\n            <div class=\"media-body\">\n                <h3 class=\"package-title\"><a href='https:\/\/www.se.senac.br\/pss\/download\/analise-curricular-e-documental-pss-002-2024\/'>Ana\u0301lise Curricular e Documental PSS 002\/2024<\/a><\/h3>\n                <div class=\"text-muted text-small\"><i class=\"fas fa-copy\"><\/i> 1  arquivo(s) <i class=\"fas fa-hdd ml-3\"><\/i> 116.38 KB<\/div>\n            <\/div>\n            <div class=\"ml-3\">\n                <a class='wpdm-download-link download-on-click btn btn-primary ' rel='nofollow' href='#' data-downloadurl=\"https:\/\/www.se.senac.br\/pss\/download\/analise-curricular-e-documental-pss-002-2024\/?wpdmdl=317&refresh=69d22891d1c441775380625\">Download<\/a>\n            <\/div>\n        <\/div>\n    <\/div>\n<\/div>\n\n<\/div><div class='col-lg-12 col-md-6 col-12'><!-- WPDM Link Template: Default Template -->\n\n<div class=\"link-template-default card mb-2\">\n    <div class=\"card-body\">\n        <div class=\"media\">\n            <div class=\"mr-3 img-48\"><img decoding=\"async\" class=\"wpdm_icon\" alt=\"\u00edcone\" src=\"https:\/\/www.se.senac.br\/pss\/wp-content\/plugins\/download-manager\/assets\/file-type-icons\/pdf.svg\" \/><\/div>\n            <div class=\"media-body\">\n                <h3 class=\"package-title\"><a href='https:\/\/www.se.senac.br\/pss\/download\/lista-de-inscritos-do-processo-seletivo-002-2024\/'>Lista de Inscritos do Processo Seletivo 002\/2024<\/a><\/h3>\n                <div class=\"text-muted text-small\"><i class=\"fas fa-copy\"><\/i> 1  arquivo(s) <i class=\"fas fa-hdd ml-3\"><\/i> 114.52 KB<\/div>\n            <\/div>\n            <div class=\"ml-3\">\n                <a class='wpdm-download-link download-on-click btn btn-primary ' rel='nofollow' href='#' data-downloadurl=\"https:\/\/www.se.senac.br\/pss\/download\/lista-de-inscritos-do-processo-seletivo-002-2024\/?wpdmdl=316&refresh=69d22891ea2411775380625\">Download<\/a>\n            <\/div>\n        <\/div>\n    <\/div>\n<\/div>\n\n<\/div><div class='col-lg-12 col-md-6 col-12'><!-- WPDM Link Template: Default Template -->\n\n<div class=\"link-template-default card mb-2\">\n    <div class=\"card-body\">\n        <div class=\"media\">\n            <div class=\"mr-3 img-48\"><img decoding=\"async\" class=\"wpdm_icon\" alt=\"\u00edcone\" src=\"https:\/\/www.se.senac.br\/pss\/wp-content\/plugins\/download-manager\/assets\/file-type-icons\/pdf.svg\" \/><\/div>\n            <div class=\"media-body\">\n                <h3 class=\"package-title\"><a href='https:\/\/www.se.senac.br\/pss\/download\/comunicado-de-abertura-de-processo-seletivo-002-2024\/'>Comunicado de Abertura de Processo Seletivo 002\/2024<\/a><\/h3>\n                <div class=\"text-muted text-small\"><i class=\"fas fa-copy\"><\/i> 1  arquivo(s) <i class=\"fas fa-hdd ml-3\"><\/i> 231.47 KB<\/div>\n            <\/div>\n            <div class=\"ml-3\">\n                <a class='wpdm-download-link download-on-click btn btn-primary ' rel='nofollow' href='#' data-downloadurl=\"https:\/\/www.se.senac.br\/pss\/download\/comunicado-de-abertura-de-processo-seletivo-002-2024\/?wpdmdl=313&refresh=69d228920f38d1775380626\">Download<\/a>\n            <\/div>\n        <\/div>\n    <\/div>\n<\/div>\n\n<\/div><\/div>            <div style='clear:both'><\/div><div class='text-center'><ul class='pagination wpdm-pagination pagination-centered text-center async'><\/ul><\/div><div style='clear:both'><\/div>        <\/div>\n\n        <div style='clear:both'><\/div>\n    <\/div>\n<\/div>\n<\/span><\/p>\n","protected":false},"excerpt":{"rendered":"<p>A inscri\u00e7\u00e3o ser\u00e1 feita em uma plataforma externa (e-inscri\u00e7\u00e3o). Ao clicar no bot\u00e3o abaixo,\u00a0 n\u00e3o \u00e9 obrigat\u00f3ria a cria\u00e7\u00e3o de uma conta, basta efetuar o cadastro e aguardar o e-mail de confirma\u00e7\u00e3o. Lembre-se, n\u00e3o h\u00e1 taxas ou valores a serem pagos.<\/p>\n","protected":false},"author":3,"featured_media":0,"parent":0,"menu_order":0,"comment_status":"closed","ping_status":"closed","template":"","meta":{"footnotes":""},"class_list":["post-271","page","type-page","status-publish","hentry"],"yoast_head":"<!-- This site is optimized with the Yoast SEO plugin v27.3 - https:\/\/yoast.com\/product\/yoast-seo-wordpress\/ -->\n<title>PSS 02\/2024 - Processo Seletivo Senac-SE<\/title>\n<meta name=\"robots\" content=\"index, follow, max-snippet:-1, max-image-preview:large, max-video-preview:-1\" \/>\n<link rel=\"canonical\" href=\"https:\/\/www.se.senac.br\/pss\/pss-02-2024\/\" \/>\n<meta property=\"og:locale\" content=\"pt_BR\" \/>\n<meta property=\"og:type\" content=\"article\" \/>\n<meta property=\"og:title\" content=\"PSS 02\/2024 - Processo Seletivo Senac-SE\" \/>\n<meta property=\"og:description\" content=\"A inscri\u00e7\u00e3o ser\u00e1 feita em uma plataforma externa (e-inscri\u00e7\u00e3o). Ao clicar no bot\u00e3o abaixo,\u00a0 n\u00e3o \u00e9 obrigat\u00f3ria a cria\u00e7\u00e3o de uma conta, basta efetuar o cadastro e aguardar o e-mail de confirma\u00e7\u00e3o. Lembre-se, n\u00e3o h\u00e1 taxas ou valores a serem pagos.\" \/>\n<meta property=\"og:url\" content=\"https:\/\/www.se.senac.br\/pss\/pss-02-2024\/\" \/>\n<meta property=\"og:site_name\" content=\"Processo Seletivo Senac-SE\" \/>\n<meta property=\"article:modified_time\" content=\"2024-05-14T18:28:33+00:00\" \/>\n<meta name=\"twitter:card\" content=\"summary_large_image\" \/>\n<meta name=\"twitter:label1\" content=\"Est. tempo de leitura\" \/>\n\t<meta name=\"twitter:data1\" content=\"1 minuto\" \/>\n<script type=\"application\/ld+json\" class=\"yoast-schema-graph\">{\"@context\":\"https:\\\/\\\/schema.org\",\"@graph\":[{\"@type\":\"WebPage\",\"@id\":\"https:\\\/\\\/www.se.senac.br\\\/pss\\\/pss-02-2024\\\/\",\"url\":\"https:\\\/\\\/www.se.senac.br\\\/pss\\\/pss-02-2024\\\/\",\"name\":\"PSS 02\\\/2024 - Processo Seletivo Senac-SE\",\"isPartOf\":{\"@id\":\"https:\\\/\\\/www.se.senac.br\\\/pss\\\/#website\"},\"datePublished\":\"2024-05-14T18:17:24+00:00\",\"dateModified\":\"2024-05-14T18:28:33+00:00\",\"breadcrumb\":{\"@id\":\"https:\\\/\\\/www.se.senac.br\\\/pss\\\/pss-02-2024\\\/#breadcrumb\"},\"inLanguage\":\"pt-BR\",\"potentialAction\":[{\"@type\":\"ReadAction\",\"target\":[\"https:\\\/\\\/www.se.senac.br\\\/pss\\\/pss-02-2024\\\/\"]}]},{\"@type\":\"BreadcrumbList\",\"@id\":\"https:\\\/\\\/www.se.senac.br\\\/pss\\\/pss-02-2024\\\/#breadcrumb\",\"itemListElement\":[{\"@type\":\"ListItem\",\"position\":1,\"name\":\"In\u00edcio\",\"item\":\"https:\\\/\\\/www.se.senac.br\\\/pss\\\/\"},{\"@type\":\"ListItem\",\"position\":2,\"name\":\"PSS 02\\\/2024\"}]},{\"@type\":\"WebSite\",\"@id\":\"https:\\\/\\\/www.se.senac.br\\\/pss\\\/#website\",\"url\":\"https:\\\/\\\/www.se.senac.br\\\/pss\\\/\",\"name\":\"Processo Seletivo Senac-SE\",\"description\":\"\",\"publisher\":{\"@id\":\"https:\\\/\\\/www.se.senac.br\\\/pss\\\/#organization\"},\"potentialAction\":[{\"@type\":\"SearchAction\",\"target\":{\"@type\":\"EntryPoint\",\"urlTemplate\":\"https:\\\/\\\/www.se.senac.br\\\/pss\\\/?s={search_term_string}\"},\"query-input\":{\"@type\":\"PropertyValueSpecification\",\"valueRequired\":true,\"valueName\":\"search_term_string\"}}],\"inLanguage\":\"pt-BR\"},{\"@type\":\"Organization\",\"@id\":\"https:\\\/\\\/www.se.senac.br\\\/pss\\\/#organization\",\"name\":\"Processo Seletivo Senac-SE\",\"url\":\"https:\\\/\\\/www.se.senac.br\\\/pss\\\/\",\"logo\":{\"@type\":\"ImageObject\",\"inLanguage\":\"pt-BR\",\"@id\":\"https:\\\/\\\/www.se.senac.br\\\/pss\\\/#\\\/schema\\\/logo\\\/image\\\/\",\"url\":\"https:\\\/\\\/www.se.senac.br\\\/pss\\\/wp-content\\\/uploads\\\/2023\\\/02\\\/marca-Senac-fecomercio-Sesc-horizontal-e1667480854221.png\",\"contentUrl\":\"https:\\\/\\\/www.se.senac.br\\\/pss\\\/wp-content\\\/uploads\\\/2023\\\/02\\\/marca-Senac-fecomercio-Sesc-horizontal-e1667480854221.png\",\"width\":300,\"height\":97,\"caption\":\"Processo Seletivo Senac-SE\"},\"image\":{\"@id\":\"https:\\\/\\\/www.se.senac.br\\\/pss\\\/#\\\/schema\\\/logo\\\/image\\\/\"}}]}<\/script>\n<!-- \/ Yoast SEO plugin. -->","yoast_head_json":{"title":"PSS 02\/2024 - Processo Seletivo Senac-SE","robots":{"index":"index","follow":"follow","max-snippet":"max-snippet:-1","max-image-preview":"max-image-preview:large","max-video-preview":"max-video-preview:-1"},"canonical":"https:\/\/www.se.senac.br\/pss\/pss-02-2024\/","og_locale":"pt_BR","og_type":"article","og_title":"PSS 02\/2024 - Processo Seletivo Senac-SE","og_description":"A inscri\u00e7\u00e3o ser\u00e1 feita em uma plataforma externa (e-inscri\u00e7\u00e3o). Ao clicar no bot\u00e3o abaixo,\u00a0 n\u00e3o \u00e9 obrigat\u00f3ria a cria\u00e7\u00e3o de uma conta, basta efetuar o cadastro e aguardar o e-mail de confirma\u00e7\u00e3o. Lembre-se, n\u00e3o h\u00e1 taxas ou valores a serem pagos.","og_url":"https:\/\/www.se.senac.br\/pss\/pss-02-2024\/","og_site_name":"Processo Seletivo Senac-SE","article_modified_time":"2024-05-14T18:28:33+00:00","twitter_card":"summary_large_image","twitter_misc":{"Est. tempo de leitura":"1 minuto"},"schema":{"@context":"https:\/\/schema.org","@graph":[{"@type":"WebPage","@id":"https:\/\/www.se.senac.br\/pss\/pss-02-2024\/","url":"https:\/\/www.se.senac.br\/pss\/pss-02-2024\/","name":"PSS 02\/2024 - Processo Seletivo Senac-SE","isPartOf":{"@id":"https:\/\/www.se.senac.br\/pss\/#website"},"datePublished":"2024-05-14T18:17:24+00:00","dateModified":"2024-05-14T18:28:33+00:00","breadcrumb":{"@id":"https:\/\/www.se.senac.br\/pss\/pss-02-2024\/#breadcrumb"},"inLanguage":"pt-BR","potentialAction":[{"@type":"ReadAction","target":["https:\/\/www.se.senac.br\/pss\/pss-02-2024\/"]}]},{"@type":"BreadcrumbList","@id":"https:\/\/www.se.senac.br\/pss\/pss-02-2024\/#breadcrumb","itemListElement":[{"@type":"ListItem","position":1,"name":"In\u00edcio","item":"https:\/\/www.se.senac.br\/pss\/"},{"@type":"ListItem","position":2,"name":"PSS 02\/2024"}]},{"@type":"WebSite","@id":"https:\/\/www.se.senac.br\/pss\/#website","url":"https:\/\/www.se.senac.br\/pss\/","name":"Processo Seletivo Senac-SE","description":"","publisher":{"@id":"https:\/\/www.se.senac.br\/pss\/#organization"},"potentialAction":[{"@type":"SearchAction","target":{"@type":"EntryPoint","urlTemplate":"https:\/\/www.se.senac.br\/pss\/?s={search_term_string}"},"query-input":{"@type":"PropertyValueSpecification","valueRequired":true,"valueName":"search_term_string"}}],"inLanguage":"pt-BR"},{"@type":"Organization","@id":"https:\/\/www.se.senac.br\/pss\/#organization","name":"Processo Seletivo Senac-SE","url":"https:\/\/www.se.senac.br\/pss\/","logo":{"@type":"ImageObject","inLanguage":"pt-BR","@id":"https:\/\/www.se.senac.br\/pss\/#\/schema\/logo\/image\/","url":"https:\/\/www.se.senac.br\/pss\/wp-content\/uploads\/2023\/02\/marca-Senac-fecomercio-Sesc-horizontal-e1667480854221.png","contentUrl":"https:\/\/www.se.senac.br\/pss\/wp-content\/uploads\/2023\/02\/marca-Senac-fecomercio-Sesc-horizontal-e1667480854221.png","width":300,"height":97,"caption":"Processo Seletivo Senac-SE"},"image":{"@id":"https:\/\/www.se.senac.br\/pss\/#\/schema\/logo\/image\/"}}]}},"_links":{"self":[{"href":"https:\/\/www.se.senac.br\/pss\/wp-json\/wp\/v2\/pages\/271","targetHints":{"allow":["GET"]}}],"collection":[{"href":"https:\/\/www.se.senac.br\/pss\/wp-json\/wp\/v2\/pages"}],"about":[{"href":"https:\/\/www.se.senac.br\/pss\/wp-json\/wp\/v2\/types\/page"}],"author":[{"embeddable":true,"href":"https:\/\/www.se.senac.br\/pss\/wp-json\/wp\/v2\/users\/3"}],"replies":[{"embeddable":true,"href":"https:\/\/www.se.senac.br\/pss\/wp-json\/wp\/v2\/comments?post=271"}],"version-history":[{"count":3,"href":"https:\/\/www.se.senac.br\/pss\/wp-json\/wp\/v2\/pages\/271\/revisions"}],"predecessor-version":[{"id":279,"href":"https:\/\/www.se.senac.br\/pss\/wp-json\/wp\/v2\/pages\/271\/revisions\/279"}],"wp:attachment":[{"href":"https:\/\/www.se.senac.br\/pss\/wp-json\/wp\/v2\/media?parent=271"}],"curies":[{"name":"wp","href":"https:\/\/api.w.org\/{rel}","templated":true}]}}