{"id":26,"date":"2023-02-17T18:00:45","date_gmt":"2023-02-17T18:00:45","guid":{"rendered":"https:\/\/www.se.senac.br\/pss\/?page_id=26"},"modified":"2023-02-17T18:05:15","modified_gmt":"2023-02-17T18:05:15","slug":"inscricao","status":"publish","type":"page","link":"https:\/\/www.se.senac.br\/pss\/inscricao\/","title":{"rendered":"Inscricao"},"content":{"rendered":"<p> <!-- A importa\u00e7\u00e3o do script somente deve ser feita uma vez por p\u00e1gina, a tag abaixo de script deve ser inserida SOMENTE UMA VEZ na p\u00e1gina para evitar erros --><br \/>\n<!-- N\u00c3O REPETIR --><br \/>\n<script src=\"https:\/\/cdn.jsdelivr.net\/npm\/@e-inscricao\/widget@0.0.6\/widget.js\" data-einscricao-widget=\"\" defer=\"\" async=\"\"><\/script><br \/>\n<!-- FIM DA PARTE QUE N\u00c3O SE DEVE REPETIR --><\/p>\n<p><!-- No caso de inserir mais de um bot\u00e3o na p\u00e1gina, o c\u00f3digo abaixo \u00e9 o que pode\/deve ser repetido --><br \/>\n<button\n  data-einscricao-event=\"70384\"\n  data-einscricao-url=\"https:\/\/fluxo.einscricao.app\"\n  data-einscricao-api-url=\"https:\/\/www.e-inscricao.com\/\"\n  data-einscricao-ms-api-url=\"https:\/\/safe2pay-paymentflow.einscricao.workers.dev\/\"\n  data-einscricao-receipt-url=\"https:\/\/recibo.e-inscricao.tech\"\n  data-einscricao-api-participants-url=\"https:\/\/ei-mysql-readonly.raise.workers.dev\"><br \/>\n  INSCREVA-SE J\u00c1!<br \/>\n<\/button><\/p>\n","protected":false},"excerpt":{"rendered":"<p>INSCREVA-SE J\u00c1!<\/p>\n","protected":false},"author":1,"featured_media":0,"parent":0,"menu_order":0,"comment_status":"closed","ping_status":"closed","template":"","meta":{"footnotes":""},"class_list":["post-26","page","type-page","status-publish","hentry"],"yoast_head":"<!-- This site is optimized with the Yoast SEO plugin v27.4 - https:\/\/yoast.com\/product\/yoast-seo-wordpress\/ -->\n<title>Inscricao - Processo Seletivo Senac-SE<\/title>\n<meta name=\"robots\" content=\"index, follow, max-snippet:-1, max-image-preview:large, max-video-preview:-1\" \/>\n<link rel=\"canonical\" href=\"https:\/\/www.se.senac.br\/pss\/inscricao\/\" \/>\n<meta property=\"og:locale\" content=\"pt_BR\" \/>\n<meta property=\"og:type\" content=\"article\" \/>\n<meta property=\"og:title\" content=\"Inscricao - Processo Seletivo Senac-SE\" \/>\n<meta property=\"og:description\" content=\"INSCREVA-SE J\u00c1!\" \/>\n<meta property=\"og:url\" content=\"https:\/\/www.se.senac.br\/pss\/inscricao\/\" \/>\n<meta property=\"og:site_name\" content=\"Processo Seletivo Senac-SE\" \/>\n<meta property=\"article:modified_time\" content=\"2023-02-17T18:05:15+00:00\" \/>\n<meta name=\"twitter:card\" content=\"summary_large_image\" \/>\n<meta name=\"twitter:label1\" content=\"Est. tempo de leitura\" \/>\n\t<meta name=\"twitter:data1\" content=\"1 minuto\" \/>\n<script type=\"application\/ld+json\" class=\"yoast-schema-graph\">{\"@context\":\"https:\\\/\\\/schema.org\",\"@graph\":[{\"@type\":\"WebPage\",\"@id\":\"https:\\\/\\\/www.se.senac.br\\\/pss\\\/inscricao\\\/\",\"url\":\"https:\\\/\\\/www.se.senac.br\\\/pss\\\/inscricao\\\/\",\"name\":\"Inscricao - Processo Seletivo Senac-SE\",\"isPartOf\":{\"@id\":\"https:\\\/\\\/www.se.senac.br\\\/pss\\\/#website\"},\"datePublished\":\"2023-02-17T18:00:45+00:00\",\"dateModified\":\"2023-02-17T18:05:15+00:00\",\"breadcrumb\":{\"@id\":\"https:\\\/\\\/www.se.senac.br\\\/pss\\\/inscricao\\\/#breadcrumb\"},\"inLanguage\":\"pt-BR\",\"potentialAction\":[{\"@type\":\"ReadAction\",\"target\":[\"https:\\\/\\\/www.se.senac.br\\\/pss\\\/inscricao\\\/\"]}]},{\"@type\":\"BreadcrumbList\",\"@id\":\"https:\\\/\\\/www.se.senac.br\\\/pss\\\/inscricao\\\/#breadcrumb\",\"itemListElement\":[{\"@type\":\"ListItem\",\"position\":1,\"name\":\"In\u00edcio\",\"item\":\"https:\\\/\\\/www.se.senac.br\\\/pss\\\/\"},{\"@type\":\"ListItem\",\"position\":2,\"name\":\"Inscricao\"}]},{\"@type\":\"WebSite\",\"@id\":\"https:\\\/\\\/www.se.senac.br\\\/pss\\\/#website\",\"url\":\"https:\\\/\\\/www.se.senac.br\\\/pss\\\/\",\"name\":\"Processo Seletivo Senac-SE\",\"description\":\"\",\"publisher\":{\"@id\":\"https:\\\/\\\/www.se.senac.br\\\/pss\\\/#organization\"},\"potentialAction\":[{\"@type\":\"SearchAction\",\"target\":{\"@type\":\"EntryPoint\",\"urlTemplate\":\"https:\\\/\\\/www.se.senac.br\\\/pss\\\/?s={search_term_string}\"},\"query-input\":{\"@type\":\"PropertyValueSpecification\",\"valueRequired\":true,\"valueName\":\"search_term_string\"}}],\"inLanguage\":\"pt-BR\"},{\"@type\":\"Organization\",\"@id\":\"https:\\\/\\\/www.se.senac.br\\\/pss\\\/#organization\",\"name\":\"Processo Seletivo Senac-SE\",\"url\":\"https:\\\/\\\/www.se.senac.br\\\/pss\\\/\",\"logo\":{\"@type\":\"ImageObject\",\"inLanguage\":\"pt-BR\",\"@id\":\"https:\\\/\\\/www.se.senac.br\\\/pss\\\/#\\\/schema\\\/logo\\\/image\\\/\",\"url\":\"https:\\\/\\\/www.se.senac.br\\\/pss\\\/wp-content\\\/uploads\\\/2023\\\/02\\\/marca-Senac-fecomercio-Sesc-horizontal-e1667480854221.png\",\"contentUrl\":\"https:\\\/\\\/www.se.senac.br\\\/pss\\\/wp-content\\\/uploads\\\/2023\\\/02\\\/marca-Senac-fecomercio-Sesc-horizontal-e1667480854221.png\",\"width\":300,\"height\":97,\"caption\":\"Processo Seletivo Senac-SE\"},\"image\":{\"@id\":\"https:\\\/\\\/www.se.senac.br\\\/pss\\\/#\\\/schema\\\/logo\\\/image\\\/\"}}]}<\/script>\n<!-- \/ Yoast SEO plugin. -->","yoast_head_json":{"title":"Inscricao - Processo Seletivo Senac-SE","robots":{"index":"index","follow":"follow","max-snippet":"max-snippet:-1","max-image-preview":"max-image-preview:large","max-video-preview":"max-video-preview:-1"},"canonical":"https:\/\/www.se.senac.br\/pss\/inscricao\/","og_locale":"pt_BR","og_type":"article","og_title":"Inscricao - Processo Seletivo Senac-SE","og_description":"INSCREVA-SE J\u00c1!","og_url":"https:\/\/www.se.senac.br\/pss\/inscricao\/","og_site_name":"Processo Seletivo Senac-SE","article_modified_time":"2023-02-17T18:05:15+00:00","twitter_card":"summary_large_image","twitter_misc":{"Est. tempo de leitura":"1 minuto"},"schema":{"@context":"https:\/\/schema.org","@graph":[{"@type":"WebPage","@id":"https:\/\/www.se.senac.br\/pss\/inscricao\/","url":"https:\/\/www.se.senac.br\/pss\/inscricao\/","name":"Inscricao - Processo Seletivo Senac-SE","isPartOf":{"@id":"https:\/\/www.se.senac.br\/pss\/#website"},"datePublished":"2023-02-17T18:00:45+00:00","dateModified":"2023-02-17T18:05:15+00:00","breadcrumb":{"@id":"https:\/\/www.se.senac.br\/pss\/inscricao\/#breadcrumb"},"inLanguage":"pt-BR","potentialAction":[{"@type":"ReadAction","target":["https:\/\/www.se.senac.br\/pss\/inscricao\/"]}]},{"@type":"BreadcrumbList","@id":"https:\/\/www.se.senac.br\/pss\/inscricao\/#breadcrumb","itemListElement":[{"@type":"ListItem","position":1,"name":"In\u00edcio","item":"https:\/\/www.se.senac.br\/pss\/"},{"@type":"ListItem","position":2,"name":"Inscricao"}]},{"@type":"WebSite","@id":"https:\/\/www.se.senac.br\/pss\/#website","url":"https:\/\/www.se.senac.br\/pss\/","name":"Processo Seletivo Senac-SE","description":"","publisher":{"@id":"https:\/\/www.se.senac.br\/pss\/#organization"},"potentialAction":[{"@type":"SearchAction","target":{"@type":"EntryPoint","urlTemplate":"https:\/\/www.se.senac.br\/pss\/?s={search_term_string}"},"query-input":{"@type":"PropertyValueSpecification","valueRequired":true,"valueName":"search_term_string"}}],"inLanguage":"pt-BR"},{"@type":"Organization","@id":"https:\/\/www.se.senac.br\/pss\/#organization","name":"Processo Seletivo Senac-SE","url":"https:\/\/www.se.senac.br\/pss\/","logo":{"@type":"ImageObject","inLanguage":"pt-BR","@id":"https:\/\/www.se.senac.br\/pss\/#\/schema\/logo\/image\/","url":"https:\/\/www.se.senac.br\/pss\/wp-content\/uploads\/2023\/02\/marca-Senac-fecomercio-Sesc-horizontal-e1667480854221.png","contentUrl":"https:\/\/www.se.senac.br\/pss\/wp-content\/uploads\/2023\/02\/marca-Senac-fecomercio-Sesc-horizontal-e1667480854221.png","width":300,"height":97,"caption":"Processo Seletivo Senac-SE"},"image":{"@id":"https:\/\/www.se.senac.br\/pss\/#\/schema\/logo\/image\/"}}]}},"_links":{"self":[{"href":"https:\/\/www.se.senac.br\/pss\/wp-json\/wp\/v2\/pages\/26","targetHints":{"allow":["GET"]}}],"collection":[{"href":"https:\/\/www.se.senac.br\/pss\/wp-json\/wp\/v2\/pages"}],"about":[{"href":"https:\/\/www.se.senac.br\/pss\/wp-json\/wp\/v2\/types\/page"}],"author":[{"embeddable":true,"href":"https:\/\/www.se.senac.br\/pss\/wp-json\/wp\/v2\/users\/1"}],"replies":[{"embeddable":true,"href":"https:\/\/www.se.senac.br\/pss\/wp-json\/wp\/v2\/comments?post=26"}],"version-history":[{"count":3,"href":"https:\/\/www.se.senac.br\/pss\/wp-json\/wp\/v2\/pages\/26\/revisions"}],"predecessor-version":[{"id":29,"href":"https:\/\/www.se.senac.br\/pss\/wp-json\/wp\/v2\/pages\/26\/revisions\/29"}],"wp:attachment":[{"href":"https:\/\/www.se.senac.br\/pss\/wp-json\/wp\/v2\/media?parent=26"}],"curies":[{"name":"wp","href":"https:\/\/api.w.org\/{rel}","templated":true}]}}