{"id":207,"date":"2024-03-20T18:46:44","date_gmt":"2024-03-20T18:46:44","guid":{"rendered":"https:\/\/www.se.senac.br\/pss\/?page_id=207"},"modified":"2024-03-20T18:46:44","modified_gmt":"2024-03-20T18:46:44","slug":"pss-08-2022","status":"publish","type":"page","link":"https:\/\/www.se.senac.br\/pss\/pss-08-2022\/","title":{"rendered":"PSS 08\/2022"},"content":{"rendered":"<p style=\"text-align: center;\"><strong>A inscri\u00e7\u00e3o ser\u00e1 feita em uma plataforma externa (e-inscri\u00e7\u00e3o).\u00a0 Ao clicar no bot\u00e3o abaixo,\u00a0<\/strong><br \/>\n<strong>n\u00e3o \u00e9 obrigat\u00f3ria a cria\u00e7\u00e3o de uma conta, basta efetuar o cadastro e aguardar o email de confirma\u00e7\u00e3o.<br \/>\nLembre-se, n\u00e3o h\u00e1 taxas ou valores a serem pagos.<br \/>\n<\/strong><\/p>\n<p style=\"text-align: center;\"><span style=\"color: #ff0000;\"><strong>INSCRI\u00c7\u00d5ES ENCERRADAS<\/strong><\/span><\/p>\n<p style=\"text-align: center;\"><div class='w3eden'>\n    <div class=''>\n\n        <form method=\"get\" class=\"__wpdm_submit_async\" data-container=\"#content_wpdm_package_1\" id=\"sc_form_wpdm_package_1\" style=\"margin-bottom: 15px\">\n    \n            <div class=\"card panel panel-default wpdm-shortcode-toolbar\">\n                <div class=\"card-body panel-body\">\n                    <div class=\"row\">\n                        <div class=\"col-lg-6 col-md-12\">\n                            <input type=\"search\" name=\"skw\" value=\"\" placeholder=\"Search Keyword...\" class=\"form-control\" \/>\n                        <\/div>\n                        <div class=\"col-lg-2 col-md-4\">\n                            <select name=\"orderby\" class=\"wpdm-custom-select custom-select\">\n                                <option value=\"date\" disabled=\"disabled\">Order By:<\/option>\n                                <option value=\"date\" > Data de Publica\u00e7\u00e3o<\/option>\n                                <option value=\"title\" >T\u00edtulo<\/option>\n                                <option value=\"update_date\" > Data de atualiza\u00e7\u00e3o<\/option>\n                                <option value=\"downloads\" >Downloads<\/option>\n                                <option value=\"views\" >Views<\/option>\n                            <\/select>\n                        <\/div>\n                        <div class=\"col-lg-2 col-md-4\">\n                            <select name=\"order\" class=\"wpdm-custom-select custom-select\">\n                                <option value=\"desc\" disabled=\"disabled\">Order:<\/option>\n                                <option value=\"desc\" >Descending<\/option>\n                                <option value=\"asc\" >Ascending<\/option>\n                            <\/select>\n                        <\/div>\n                        <div class=\"col-lg-2 col-md-4\">\n                            <button type=\"submit\" class=\"btn btn-info btn-block\">Apply Filter<\/button>\n                        <\/div>\n                    <\/div>\n                <\/div>\n            <\/div>\n\n            <\/form>\n<div class=\"spacer mb-3 d-block clearfix\"><\/div>\n\n        <div id=\"content_wpdm_package_1\">\n            <div class='row'><div class='col-lg-12 col-md-6 col-12'><!-- WPDM Link Template: Default Template -->\n\n<div class=\"link-template-default card mb-2\">\n    <div class=\"card-body\">\n        <div class=\"media\">\n            <div class=\"mr-3 img-48\"><img decoding=\"async\" class=\"wpdm_icon\" alt=\"\u00edcone\" src=\"https:\/\/www.se.senac.br\/pss\/wp-content\/plugins\/download-manager\/assets\/file-type-icons\/pdf.svg\" \/><\/div>\n            <div class=\"media-body\">\n                <h3 class=\"package-title\"><a href='https:\/\/www.se.senac.br\/pss\/download\/11-1a-convocacao-pss-008-2022\/'>11 - 1\u00aa Convocac\u0327a\u0303o - PSS 008.2022<\/a><\/h3>\n                <div class=\"text-muted text-small\"><i class=\"fas fa-copy\"><\/i> 1  arquivo(s) <i class=\"fas fa-hdd ml-3\"><\/i> 139.32 KB<\/div>\n            <\/div>\n            <div class=\"ml-3\">\n                <a class='wpdm-download-link download-on-click btn btn-primary ' rel='nofollow' href='#' data-downloadurl=\"https:\/\/www.se.senac.br\/pss\/download\/11-1a-convocacao-pss-008-2022\/?wpdmdl=220&refresh=69db5e8a2e8541775984266\">Download<\/a>\n            <\/div>\n        <\/div>\n    <\/div>\n<\/div>\n\n<\/div><div class='col-lg-12 col-md-6 col-12'><!-- WPDM Link Template: Default Template -->\n\n<div class=\"link-template-default card mb-2\">\n    <div class=\"card-body\">\n        <div class=\"media\">\n            <div class=\"mr-3 img-48\"><img decoding=\"async\" class=\"wpdm_icon\" alt=\"\u00edcone\" src=\"https:\/\/www.se.senac.br\/pss\/wp-content\/plugins\/download-manager\/assets\/file-type-icons\/pdf.svg\" \/><\/div>\n            <div class=\"media-body\">\n                <h3 class=\"package-title\"><a href='https:\/\/www.se.senac.br\/pss\/download\/22-8a-convocacao-ps-009-2022\/'>22 - 8\u00aa Convocac\u0327a\u0303o PS 009\/2022<\/a><\/h3>\n                <div class=\"text-muted text-small\"><i class=\"fas fa-copy\"><\/i> 1  arquivo(s) <i class=\"fas fa-hdd ml-3\"><\/i> 117.28 KB<\/div>\n            <\/div>\n            <div class=\"ml-3\">\n                <a class='wpdm-download-link download-on-click btn btn-primary ' rel='nofollow' href='#' data-downloadurl=\"https:\/\/www.se.senac.br\/pss\/download\/22-8a-convocacao-ps-009-2022\/?wpdmdl=251&refresh=69db5e8a5366b1775984266\">Download<\/a>\n            <\/div>\n        <\/div>\n    <\/div>\n<\/div>\n\n<\/div><div class='col-lg-12 col-md-6 col-12'><!-- WPDM Link Template: Default Template -->\n\n<div class=\"link-template-default card mb-2\">\n    <div class=\"card-body\">\n        <div class=\"media\">\n            <div class=\"mr-3 img-48\"><img decoding=\"async\" class=\"wpdm_icon\" alt=\"\u00edcone\" src=\"https:\/\/www.se.senac.br\/pss\/wp-content\/plugins\/download-manager\/assets\/file-type-icons\/pdf.svg\" \/><\/div>\n            <div class=\"media-body\">\n                <h3 class=\"package-title\"><a href='https:\/\/www.se.senac.br\/pss\/download\/10-prorrogacao-do-processo-seletivo-008-2022\/'>10 - Prorrogac\u0327a\u0303o do processo seletivo 008.2022<\/a><\/h3>\n                <div class=\"text-muted text-small\"><i class=\"fas fa-copy\"><\/i> 1  arquivo(s) <i class=\"fas fa-hdd ml-3\"><\/i> 170.05 KB<\/div>\n            <\/div>\n            <div class=\"ml-3\">\n                <a class='wpdm-download-link download-on-click btn btn-primary ' rel='nofollow' href='#' data-downloadurl=\"https:\/\/www.se.senac.br\/pss\/download\/10-prorrogacao-do-processo-seletivo-008-2022\/?wpdmdl=219&refresh=69db5e8a7869f1775984266\">Download<\/a>\n            <\/div>\n        <\/div>\n    <\/div>\n<\/div>\n\n<\/div><div class='col-lg-12 col-md-6 col-12'><!-- WPDM Link Template: Default Template -->\n\n<div class=\"link-template-default card mb-2\">\n    <div class=\"card-body\">\n        <div class=\"media\">\n            <div class=\"mr-3 img-48\"><img decoding=\"async\" class=\"wpdm_icon\" alt=\"\u00edcone\" src=\"https:\/\/www.se.senac.br\/pss\/wp-content\/plugins\/download-manager\/assets\/file-type-icons\/pdf.svg\" \/><\/div>\n            <div class=\"media-body\">\n                <h3 class=\"package-title\"><a href='https:\/\/www.se.senac.br\/pss\/download\/09-homologacao-008-2022\/'>09 - Homologac\u0327a\u0303o - 008\/2022<\/a><\/h3>\n                <div class=\"text-muted text-small\"><i class=\"fas fa-copy\"><\/i> 1  arquivo(s) <i class=\"fas fa-hdd ml-3\"><\/i> 51.48 KB<\/div>\n            <\/div>\n            <div class=\"ml-3\">\n                <a class='wpdm-download-link download-on-click btn btn-primary ' rel='nofollow' href='#' data-downloadurl=\"https:\/\/www.se.senac.br\/pss\/download\/09-homologacao-008-2022\/?wpdmdl=218&refresh=69db5e8aa3c961775984266\">Download<\/a>\n            <\/div>\n        <\/div>\n    <\/div>\n<\/div>\n\n<\/div><div class='col-lg-12 col-md-6 col-12'><!-- WPDM Link Template: Default Template -->\n\n<div class=\"link-template-default card mb-2\">\n    <div class=\"card-body\">\n        <div class=\"media\">\n            <div class=\"mr-3 img-48\"><img decoding=\"async\" class=\"wpdm_icon\" alt=\"\u00edcone\" src=\"https:\/\/www.se.senac.br\/pss\/wp-content\/plugins\/download-manager\/assets\/file-type-icons\/pdf.svg\" \/><\/div>\n            <div class=\"media-body\">\n                <h3 class=\"package-title\"><a href='https:\/\/www.se.senac.br\/pss\/download\/08-resultado-final-pss-008-2022\/'>08 - Resultado Final PSS 008\/2022<\/a><\/h3>\n                <div class=\"text-muted text-small\"><i class=\"fas fa-copy\"><\/i> 1  arquivo(s) <i class=\"fas fa-hdd ml-3\"><\/i> 40.10 KB<\/div>\n            <\/div>\n            <div class=\"ml-3\">\n                <a class='wpdm-download-link download-on-click btn btn-primary ' rel='nofollow' href='#' data-downloadurl=\"https:\/\/www.se.senac.br\/pss\/download\/08-resultado-final-pss-008-2022\/?wpdmdl=217&refresh=69db5e8ac07311775984266\">Download<\/a>\n            <\/div>\n        <\/div>\n    <\/div>\n<\/div>\n\n<\/div><div class='col-lg-12 col-md-6 col-12'><!-- WPDM Link Template: Default Template -->\n\n<div class=\"link-template-default card mb-2\">\n    <div class=\"card-body\">\n        <div class=\"media\">\n            <div class=\"mr-3 img-48\"><img decoding=\"async\" class=\"wpdm_icon\" alt=\"\u00edcone\" src=\"https:\/\/www.se.senac.br\/pss\/wp-content\/plugins\/download-manager\/assets\/file-type-icons\/pdf.svg\" \/><\/div>\n            <div class=\"media-body\">\n                <h3 class=\"package-title\"><a href='https:\/\/www.se.senac.br\/pss\/download\/07-resultado-da-3a-etapa-avaliacao-de-comportamental-pss-008-2022\/'>07 - Resultado da 3\u00aa etapa - Avaliac\u0327a\u0303o de Comportamental PSS 008\/2022<\/a><\/h3>\n                <div class=\"text-muted text-small\"><i class=\"fas fa-copy\"><\/i> 1  arquivo(s) <i class=\"fas fa-hdd ml-3\"><\/i> 40.50 KB<\/div>\n            <\/div>\n            <div class=\"ml-3\">\n                <a class='wpdm-download-link download-on-click btn btn-primary ' rel='nofollow' href='#' data-downloadurl=\"https:\/\/www.se.senac.br\/pss\/download\/07-resultado-da-3a-etapa-avaliacao-de-comportamental-pss-008-2022\/?wpdmdl=216&refresh=69db5e8ae94621775984266\">Download<\/a>\n            <\/div>\n        <\/div>\n    <\/div>\n<\/div>\n\n<\/div><div class='col-lg-12 col-md-6 col-12'><!-- WPDM Link Template: Default Template -->\n\n<div class=\"link-template-default card mb-2\">\n    <div class=\"card-body\">\n        <div class=\"media\">\n            <div class=\"mr-3 img-48\"><img decoding=\"async\" class=\"wpdm_icon\" alt=\"\u00edcone\" src=\"https:\/\/www.se.senac.br\/pss\/wp-content\/plugins\/download-manager\/assets\/file-type-icons\/pdf.svg\" \/><\/div>\n            <div class=\"media-body\">\n                <h3 class=\"package-title\"><a href='https:\/\/www.se.senac.br\/pss\/download\/06-convocacao-para-3a-etapa-avaliacao-de-habilidades-comportamentais-pss-008-2022\/'>06 - Convocac\u0327a\u0303o para 3\u00aa Etapa - Avaliac\u0327a\u0303o de Habilidades Comportamentais - PSS 008\/2022<\/a><\/h3>\n                <div class=\"text-muted text-small\"><i class=\"fas fa-copy\"><\/i> 1  arquivo(s) <i class=\"fas fa-hdd ml-3\"><\/i> 62.17 KB<\/div>\n            <\/div>\n            <div class=\"ml-3\">\n                <a class='wpdm-download-link download-on-click btn btn-primary ' rel='nofollow' href='#' data-downloadurl=\"https:\/\/www.se.senac.br\/pss\/download\/06-convocacao-para-3a-etapa-avaliacao-de-habilidades-comportamentais-pss-008-2022\/?wpdmdl=215&refresh=69db5e8b159221775984267\">Download<\/a>\n            <\/div>\n        <\/div>\n    <\/div>\n<\/div>\n\n<\/div><div class='col-lg-12 col-md-6 col-12'><!-- WPDM Link Template: Default Template -->\n\n<div class=\"link-template-default card mb-2\">\n    <div class=\"card-body\">\n        <div class=\"media\">\n            <div class=\"mr-3 img-48\"><img decoding=\"async\" class=\"wpdm_icon\" alt=\"\u00edcone\" src=\"https:\/\/www.se.senac.br\/pss\/wp-content\/plugins\/download-manager\/assets\/file-type-icons\/pdf.svg\" \/><\/div>\n            <div class=\"media-body\">\n                <h3 class=\"package-title\"><a href='https:\/\/www.se.senac.br\/pss\/download\/05-resultado-da-2a-etapa-avaliacao-de-conhecimentos-tecnicos-pss-008-2022\/'>05 - Resultado da 2\u00aa etapa - Avaliac\u0327a\u0303o de Conhecimentos Te\u0301cnicos PSS 008\/2022<\/a><\/h3>\n                <div class=\"text-muted text-small\"><i class=\"fas fa-copy\"><\/i> 1  arquivo(s) <i class=\"fas fa-hdd ml-3\"><\/i> 40.16 KB<\/div>\n            <\/div>\n            <div class=\"ml-3\">\n                <a class='wpdm-download-link download-on-click btn btn-primary ' rel='nofollow' href='#' data-downloadurl=\"https:\/\/www.se.senac.br\/pss\/download\/05-resultado-da-2a-etapa-avaliacao-de-conhecimentos-tecnicos-pss-008-2022\/?wpdmdl=214&refresh=69db5e8b345db1775984267\">Download<\/a>\n            <\/div>\n        <\/div>\n    <\/div>\n<\/div>\n\n<\/div><div class='col-lg-12 col-md-6 col-12'><!-- WPDM Link Template: Default Template -->\n\n<div class=\"link-template-default card mb-2\">\n    <div class=\"card-body\">\n        <div class=\"media\">\n            <div class=\"mr-3 img-48\"><img decoding=\"async\" class=\"wpdm_icon\" alt=\"\u00edcone\" src=\"https:\/\/www.se.senac.br\/pss\/wp-content\/plugins\/download-manager\/assets\/file-type-icons\/pdf.svg\" \/><\/div>\n            <div class=\"media-body\">\n                <h3 class=\"package-title\"><a href='https:\/\/www.se.senac.br\/pss\/download\/04-convocacao-para-2a-etapa-pss-008-2022-aracaju\/'>04 - Convocac\u0327a\u0303o para 2\u00aa etapa. PSS 008.2022 - Aracaju<\/a><\/h3>\n                <div class=\"text-muted text-small\"><i class=\"fas fa-copy\"><\/i> 1  arquivo(s) <i class=\"fas fa-hdd ml-3\"><\/i> 66.72 KB<\/div>\n            <\/div>\n            <div class=\"ml-3\">\n                <a class='wpdm-download-link download-on-click btn btn-primary ' rel='nofollow' href='#' data-downloadurl=\"https:\/\/www.se.senac.br\/pss\/download\/04-convocacao-para-2a-etapa-pss-008-2022-aracaju\/?wpdmdl=213&refresh=69db5e8b526191775984267\">Download<\/a>\n            <\/div>\n        <\/div>\n    <\/div>\n<\/div>\n\n<\/div><div class='col-lg-12 col-md-6 col-12'><!-- WPDM Link Template: Default Template -->\n\n<div class=\"link-template-default card mb-2\">\n    <div class=\"card-body\">\n        <div class=\"media\">\n            <div class=\"mr-3 img-48\"><img decoding=\"async\" class=\"wpdm_icon\" alt=\"\u00edcone\" src=\"https:\/\/www.se.senac.br\/pss\/wp-content\/plugins\/download-manager\/assets\/file-type-icons\/pdf.svg\" \/><\/div>\n            <div class=\"media-body\">\n                <h3 class=\"package-title\"><a href='https:\/\/www.se.senac.br\/pss\/download\/03-resultado-da-1a-etapa-analise-curricular-e-documental-pss-008-2022\/'>03 - Resultado da 1\u00aa etapa - analise curricular e documental - PSS 008\/2022<\/a><\/h3>\n                <div class=\"text-muted text-small\"><i class=\"fas fa-copy\"><\/i> 1  arquivo(s) <i class=\"fas fa-hdd ml-3\"><\/i> 26.92 KB<\/div>\n            <\/div>\n            <div class=\"ml-3\">\n                <a class='wpdm-download-link download-on-click btn btn-primary ' rel='nofollow' href='#' data-downloadurl=\"https:\/\/www.se.senac.br\/pss\/download\/03-resultado-da-1a-etapa-analise-curricular-e-documental-pss-008-2022\/?wpdmdl=212&refresh=69db5e8b6d54e1775984267\">Download<\/a>\n            <\/div>\n        <\/div>\n    <\/div>\n<\/div>\n\n<\/div><div class='col-lg-12 col-md-6 col-12'><!-- WPDM Link Template: Default Template -->\n\n<div class=\"link-template-default card mb-2\">\n    <div class=\"card-body\">\n        <div class=\"media\">\n            <div class=\"mr-3 img-48\"><img decoding=\"async\" class=\"wpdm_icon\" alt=\"\u00edcone\" src=\"https:\/\/www.se.senac.br\/pss\/wp-content\/plugins\/download-manager\/assets\/file-type-icons\/pdf.svg\" \/><\/div>\n            <div class=\"media-body\">\n                <h3 class=\"package-title\"><a href='https:\/\/www.se.senac.br\/pss\/download\/02-lista-de-inscritos-pss-008-2022\/'>02 - Lista de Inscritos - PSS 008\/2022<\/a><\/h3>\n                <div class=\"text-muted text-small\"><i class=\"fas fa-copy\"><\/i> 1  arquivo(s) <i class=\"fas fa-hdd ml-3\"><\/i> 27.96 KB<\/div>\n            <\/div>\n            <div class=\"ml-3\">\n                <a class='wpdm-download-link download-on-click btn btn-primary ' rel='nofollow' href='#' data-downloadurl=\"https:\/\/www.se.senac.br\/pss\/download\/02-lista-de-inscritos-pss-008-2022\/?wpdmdl=211&refresh=69db5e8b885071775984267\">Download<\/a>\n            <\/div>\n        <\/div>\n    <\/div>\n<\/div>\n\n<\/div><div class='col-lg-12 col-md-6 col-12'><!-- WPDM Link Template: Default Template -->\n\n<div class=\"link-template-default card mb-2\">\n    <div class=\"card-body\">\n        <div class=\"media\">\n            <div class=\"mr-3 img-48\"><img decoding=\"async\" class=\"wpdm_icon\" alt=\"\u00edcone\" src=\"https:\/\/www.se.senac.br\/pss\/wp-content\/plugins\/download-manager\/assets\/file-type-icons\/pdf.svg\" \/><\/div>\n            <div class=\"media-body\">\n                <h3 class=\"package-title\"><a href='https:\/\/www.se.senac.br\/pss\/download\/01-comunicado-de-abertura-de-processo-seletivo-008-2022-centro-de-gastronomia\/'>01 - Comunicado de Abertura de Processo Seletivo 008.2022 - Centro de Gastronomia<\/a><\/h3>\n                <div class=\"text-muted text-small\"><i class=\"fas fa-copy\"><\/i> 1  arquivo(s) <i class=\"fas fa-hdd ml-3\"><\/i> 137.55 KB<\/div>\n            <\/div>\n            <div class=\"ml-3\">\n                <a class='wpdm-download-link download-on-click btn btn-primary ' rel='nofollow' href='#' data-downloadurl=\"https:\/\/www.se.senac.br\/pss\/download\/01-comunicado-de-abertura-de-processo-seletivo-008-2022-centro-de-gastronomia\/?wpdmdl=209&refresh=69db5e8ba40b51775984267\">Download<\/a>\n            <\/div>\n        <\/div>\n    <\/div>\n<\/div>\n\n<\/div><\/div>            <div style='clear:both'><\/div><div class='text-center'><ul class='pagination wpdm-pagination pagination-centered text-center async'><\/ul><\/div><div style='clear:both'><\/div>        <\/div>\n\n        <div style='clear:both'><\/div>\n    <\/div>\n<\/div>\n<\/p>\n","protected":false},"excerpt":{"rendered":"<p>A inscri\u00e7\u00e3o ser\u00e1 feita em uma plataforma externa (e-inscri\u00e7\u00e3o).\u00a0 Ao clicar no bot\u00e3o abaixo,\u00a0 n\u00e3o \u00e9 obrigat\u00f3ria a cria\u00e7\u00e3o de uma conta, basta efetuar o cadastro e aguardar o email de confirma\u00e7\u00e3o. Lembre-se, n\u00e3o h\u00e1 taxas ou valores a serem pagos. INSCRI\u00c7\u00d5ES ENCERRADAS<\/p>\n","protected":false},"author":3,"featured_media":0,"parent":0,"menu_order":0,"comment_status":"closed","ping_status":"closed","template":"","meta":{"footnotes":""},"class_list":["post-207","page","type-page","status-publish","hentry"],"yoast_head":"<!-- This site is optimized with the Yoast SEO plugin v27.3 - https:\/\/yoast.com\/product\/yoast-seo-wordpress\/ -->\n<title>PSS 08\/2022 - Processo Seletivo Senac-SE<\/title>\n<meta name=\"robots\" content=\"index, follow, max-snippet:-1, max-image-preview:large, max-video-preview:-1\" \/>\n<link rel=\"canonical\" href=\"https:\/\/www.se.senac.br\/pss\/pss-08-2022\/\" \/>\n<meta property=\"og:locale\" content=\"pt_BR\" \/>\n<meta property=\"og:type\" content=\"article\" \/>\n<meta property=\"og:title\" content=\"PSS 08\/2022 - Processo Seletivo Senac-SE\" \/>\n<meta property=\"og:description\" content=\"A inscri\u00e7\u00e3o ser\u00e1 feita em uma plataforma externa (e-inscri\u00e7\u00e3o).\u00a0 Ao clicar no bot\u00e3o abaixo,\u00a0 n\u00e3o \u00e9 obrigat\u00f3ria a cria\u00e7\u00e3o de uma conta, basta efetuar o cadastro e aguardar o email de confirma\u00e7\u00e3o. Lembre-se, n\u00e3o h\u00e1 taxas ou valores a serem pagos. INSCRI\u00c7\u00d5ES ENCERRADAS\" \/>\n<meta property=\"og:url\" content=\"https:\/\/www.se.senac.br\/pss\/pss-08-2022\/\" \/>\n<meta property=\"og:site_name\" content=\"Processo Seletivo Senac-SE\" \/>\n<meta name=\"twitter:card\" content=\"summary_large_image\" \/>\n<meta name=\"twitter:label1\" content=\"Est. tempo de leitura\" \/>\n\t<meta name=\"twitter:data1\" content=\"1 minuto\" \/>\n<script type=\"application\/ld+json\" class=\"yoast-schema-graph\">{\"@context\":\"https:\\\/\\\/schema.org\",\"@graph\":[{\"@type\":\"WebPage\",\"@id\":\"https:\\\/\\\/www.se.senac.br\\\/pss\\\/pss-08-2022\\\/\",\"url\":\"https:\\\/\\\/www.se.senac.br\\\/pss\\\/pss-08-2022\\\/\",\"name\":\"PSS 08\\\/2022 - Processo Seletivo Senac-SE\",\"isPartOf\":{\"@id\":\"https:\\\/\\\/www.se.senac.br\\\/pss\\\/#website\"},\"datePublished\":\"2024-03-20T18:46:44+00:00\",\"breadcrumb\":{\"@id\":\"https:\\\/\\\/www.se.senac.br\\\/pss\\\/pss-08-2022\\\/#breadcrumb\"},\"inLanguage\":\"pt-BR\",\"potentialAction\":[{\"@type\":\"ReadAction\",\"target\":[\"https:\\\/\\\/www.se.senac.br\\\/pss\\\/pss-08-2022\\\/\"]}]},{\"@type\":\"BreadcrumbList\",\"@id\":\"https:\\\/\\\/www.se.senac.br\\\/pss\\\/pss-08-2022\\\/#breadcrumb\",\"itemListElement\":[{\"@type\":\"ListItem\",\"position\":1,\"name\":\"In\u00edcio\",\"item\":\"https:\\\/\\\/www.se.senac.br\\\/pss\\\/\"},{\"@type\":\"ListItem\",\"position\":2,\"name\":\"PSS 08\\\/2022\"}]},{\"@type\":\"WebSite\",\"@id\":\"https:\\\/\\\/www.se.senac.br\\\/pss\\\/#website\",\"url\":\"https:\\\/\\\/www.se.senac.br\\\/pss\\\/\",\"name\":\"Processo Seletivo Senac-SE\",\"description\":\"\",\"publisher\":{\"@id\":\"https:\\\/\\\/www.se.senac.br\\\/pss\\\/#organization\"},\"potentialAction\":[{\"@type\":\"SearchAction\",\"target\":{\"@type\":\"EntryPoint\",\"urlTemplate\":\"https:\\\/\\\/www.se.senac.br\\\/pss\\\/?s={search_term_string}\"},\"query-input\":{\"@type\":\"PropertyValueSpecification\",\"valueRequired\":true,\"valueName\":\"search_term_string\"}}],\"inLanguage\":\"pt-BR\"},{\"@type\":\"Organization\",\"@id\":\"https:\\\/\\\/www.se.senac.br\\\/pss\\\/#organization\",\"name\":\"Processo Seletivo Senac-SE\",\"url\":\"https:\\\/\\\/www.se.senac.br\\\/pss\\\/\",\"logo\":{\"@type\":\"ImageObject\",\"inLanguage\":\"pt-BR\",\"@id\":\"https:\\\/\\\/www.se.senac.br\\\/pss\\\/#\\\/schema\\\/logo\\\/image\\\/\",\"url\":\"https:\\\/\\\/www.se.senac.br\\\/pss\\\/wp-content\\\/uploads\\\/2023\\\/02\\\/marca-Senac-fecomercio-Sesc-horizontal-e1667480854221.png\",\"contentUrl\":\"https:\\\/\\\/www.se.senac.br\\\/pss\\\/wp-content\\\/uploads\\\/2023\\\/02\\\/marca-Senac-fecomercio-Sesc-horizontal-e1667480854221.png\",\"width\":300,\"height\":97,\"caption\":\"Processo Seletivo Senac-SE\"},\"image\":{\"@id\":\"https:\\\/\\\/www.se.senac.br\\\/pss\\\/#\\\/schema\\\/logo\\\/image\\\/\"}}]}<\/script>\n<!-- \/ Yoast SEO plugin. -->","yoast_head_json":{"title":"PSS 08\/2022 - Processo Seletivo Senac-SE","robots":{"index":"index","follow":"follow","max-snippet":"max-snippet:-1","max-image-preview":"max-image-preview:large","max-video-preview":"max-video-preview:-1"},"canonical":"https:\/\/www.se.senac.br\/pss\/pss-08-2022\/","og_locale":"pt_BR","og_type":"article","og_title":"PSS 08\/2022 - Processo Seletivo Senac-SE","og_description":"A inscri\u00e7\u00e3o ser\u00e1 feita em uma plataforma externa (e-inscri\u00e7\u00e3o).\u00a0 Ao clicar no bot\u00e3o abaixo,\u00a0 n\u00e3o \u00e9 obrigat\u00f3ria a cria\u00e7\u00e3o de uma conta, basta efetuar o cadastro e aguardar o email de confirma\u00e7\u00e3o. Lembre-se, n\u00e3o h\u00e1 taxas ou valores a serem pagos. INSCRI\u00c7\u00d5ES ENCERRADAS","og_url":"https:\/\/www.se.senac.br\/pss\/pss-08-2022\/","og_site_name":"Processo Seletivo Senac-SE","twitter_card":"summary_large_image","twitter_misc":{"Est. tempo de leitura":"1 minuto"},"schema":{"@context":"https:\/\/schema.org","@graph":[{"@type":"WebPage","@id":"https:\/\/www.se.senac.br\/pss\/pss-08-2022\/","url":"https:\/\/www.se.senac.br\/pss\/pss-08-2022\/","name":"PSS 08\/2022 - Processo Seletivo Senac-SE","isPartOf":{"@id":"https:\/\/www.se.senac.br\/pss\/#website"},"datePublished":"2024-03-20T18:46:44+00:00","breadcrumb":{"@id":"https:\/\/www.se.senac.br\/pss\/pss-08-2022\/#breadcrumb"},"inLanguage":"pt-BR","potentialAction":[{"@type":"ReadAction","target":["https:\/\/www.se.senac.br\/pss\/pss-08-2022\/"]}]},{"@type":"BreadcrumbList","@id":"https:\/\/www.se.senac.br\/pss\/pss-08-2022\/#breadcrumb","itemListElement":[{"@type":"ListItem","position":1,"name":"In\u00edcio","item":"https:\/\/www.se.senac.br\/pss\/"},{"@type":"ListItem","position":2,"name":"PSS 08\/2022"}]},{"@type":"WebSite","@id":"https:\/\/www.se.senac.br\/pss\/#website","url":"https:\/\/www.se.senac.br\/pss\/","name":"Processo Seletivo Senac-SE","description":"","publisher":{"@id":"https:\/\/www.se.senac.br\/pss\/#organization"},"potentialAction":[{"@type":"SearchAction","target":{"@type":"EntryPoint","urlTemplate":"https:\/\/www.se.senac.br\/pss\/?s={search_term_string}"},"query-input":{"@type":"PropertyValueSpecification","valueRequired":true,"valueName":"search_term_string"}}],"inLanguage":"pt-BR"},{"@type":"Organization","@id":"https:\/\/www.se.senac.br\/pss\/#organization","name":"Processo Seletivo Senac-SE","url":"https:\/\/www.se.senac.br\/pss\/","logo":{"@type":"ImageObject","inLanguage":"pt-BR","@id":"https:\/\/www.se.senac.br\/pss\/#\/schema\/logo\/image\/","url":"https:\/\/www.se.senac.br\/pss\/wp-content\/uploads\/2023\/02\/marca-Senac-fecomercio-Sesc-horizontal-e1667480854221.png","contentUrl":"https:\/\/www.se.senac.br\/pss\/wp-content\/uploads\/2023\/02\/marca-Senac-fecomercio-Sesc-horizontal-e1667480854221.png","width":300,"height":97,"caption":"Processo Seletivo Senac-SE"},"image":{"@id":"https:\/\/www.se.senac.br\/pss\/#\/schema\/logo\/image\/"}}]}},"_links":{"self":[{"href":"https:\/\/www.se.senac.br\/pss\/wp-json\/wp\/v2\/pages\/207","targetHints":{"allow":["GET"]}}],"collection":[{"href":"https:\/\/www.se.senac.br\/pss\/wp-json\/wp\/v2\/pages"}],"about":[{"href":"https:\/\/www.se.senac.br\/pss\/wp-json\/wp\/v2\/types\/page"}],"author":[{"embeddable":true,"href":"https:\/\/www.se.senac.br\/pss\/wp-json\/wp\/v2\/users\/3"}],"replies":[{"embeddable":true,"href":"https:\/\/www.se.senac.br\/pss\/wp-json\/wp\/v2\/comments?post=207"}],"version-history":[{"count":1,"href":"https:\/\/www.se.senac.br\/pss\/wp-json\/wp\/v2\/pages\/207\/revisions"}],"predecessor-version":[{"id":208,"href":"https:\/\/www.se.senac.br\/pss\/wp-json\/wp\/v2\/pages\/207\/revisions\/208"}],"wp:attachment":[{"href":"https:\/\/www.se.senac.br\/pss\/wp-json\/wp\/v2\/media?parent=207"}],"curies":[{"name":"wp","href":"https:\/\/api.w.org\/{rel}","templated":true}]}}